{"id":7708,"date":"2022-08-25T07:56:04","date_gmt":"2022-08-25T07:56:04","guid":{"rendered":"https:\/\/vegamed.com.tr\/?page_id=7708"},"modified":"2022-08-25T07:58:02","modified_gmt":"2022-08-25T07:58:02","slug":"blog","status":"publish","type":"page","link":"https:\/\/vegamed.com.tr\/en\/blog\/","title":{"rendered":"Blog \u0130\u00e7erikleri"},"content":{"rendered":"<div data-elementor-type=\"wp-page\" data-elementor-id=\"7708\" class=\"elementor elementor-7708\">\n\t\t\t\t\t\t<div class=\"elementor-inner\">\n\t\t\t\t<div class=\"elementor-section-wrap\">\n\t\t\t\t\t\t\t\t\t<section class=\"elementor-section elementor-top-section elementor-element elementor-element-1c034cd elementor-section-boxed elementor-section-height-default elementor-section-height-default\" data-id=\"1c034cd\" data-element_type=\"section\">\n\t\t\t\t\t\t<div class=\"elementor-container elementor-column-gap-default\">\n\t\t\t\t\t\t\t<div class=\"elementor-row\">\n\t\t\t\t\t<div class=\"elementor-column elementor-col-100 elementor-top-column elementor-element elementor-element-44c1d54\" data-id=\"44c1d54\" data-element_type=\"column\">\n\t\t\t<div class=\"elementor-column-wrap elementor-element-populated\">\n\t\t\t\t\t\t\t<div class=\"elementor-widget-wrap\">\n\t\t\t\t\t\t<div class=\"elementor-element elementor-element-ea3d500 elementor-widget elementor-widget-technum_blog_listing\" data-id=\"ea3d500\" data-element_type=\"widget\" data-widget_type=\"technum_blog_listing.default\">\n\t\t\t\t<div class=\"elementor-widget-container\">\n\t\t\t\n        <div class=\"archive-listing\" data-ajax='{&quot;post_type&quot;:&quot;post&quot;,&quot;posts_per_page&quot;:3,&quot;orderby&quot;:&quot;date&quot;,&quot;order&quot;:&quot;desc&quot;,&quot;paged&quot;:1,&quot;category_name&quot;:&quot;&quot;,&quot;tag&quot;:&quot;&quot;,&quot;post__in&quot;:&quot;&quot;,&quot;ignore_sticky_posts&quot;:false,&quot;link_base&quot;:&quot;https:\\\/\\\/vegamed.com.tr\\\/en\\\/wp-json\\\/wp\\\/v2\\\/pages\\\/7708&quot;}' data-widget='{&quot;excerpt_length&quot;:190,&quot;show_cat&quot;:&quot;yes&quot;,&quot;show_media&quot;:&quot;yes&quot;,&quot;show_author&quot;:&quot;&quot;,&quot;show_date&quot;:&quot;yes&quot;,&quot;show_title&quot;:&quot;yes&quot;,&quot;show_tags&quot;:&quot;no&quot;,&quot;show_excerpt&quot;:&quot;yes&quot;,&quot;show_read_more&quot;:&quot;yes&quot;,&quot;read_more_text&quot;:&quot;Detayl\\u0131 Bilgi&quot;,&quot;item_class&quot;:&quot;post standard-blog-item-wrapper&quot;,&quot;columns_number&quot;:1}'>\n            <div class=\"archive-listing-wrapper\">\n                \r\n<div class=\"standard-blog-item-wrapper post post-4984 type-post status-publish format-standard has-post-thumbnail hentry category-osgb tag-korunma tag-patlama\">\r\n    <div class=\"blog-item\">\r\n        <div class=\"post-media-wrapper\"><a href=\"https:\/\/vegamed.com.tr\/en\/what-is-explosion-protection-document-management\/\"><picture><source media=\"(max-width: 575px)\" sizes=\"(max-width: 535px) 535px\" srcset=\"https:\/\/vegamed.com.tr\/wp-content\/uploads\/2021\/09\/patlamadan_korunma_dokumani_yonetmeligi-acar_osgb-535x300.jpg 535w\"><source media=\"(max-width: 991px)\" sizes=\"(max-width: 951px) 951px\" srcset=\"https:\/\/vegamed.com.tr\/wp-content\/uploads\/2021\/09\/patlamadan_korunma_dokumani_yonetmeligi-acar_osgb-950x438.jpg 951w\"><img decoding=\"async\" alt=\"explosion_protection_dokumani_yonetmeligi-acar_osgb\" title=\"explosion_protection_dokumani_yonetmeligi-acar_osgb\" src=\"https:\/\/vegamed.com.tr\/wp-content\/uploads\/2021\/09\/patlamadan_korunma_dokumani_yonetmeligi-acar_osgb-950x471.jpg\" class=\"attachment-post-thumbnail size-post-thumbnail wp-post-image\" \/><\/picture><\/a><\/div><div class=\"post-labels\"><div class=\"post-categories\"><a class=\"post-category-item\" href=\"https:\/\/vegamed.com.tr\/en\/product-categories\/osgb\/\">OSGB<\/a><\/div><\/div><div class=\"post-meta-header\"><div class=\"post-meta-item post-meta-item-date\"><a href=\"https:\/\/vegamed.com.tr\/en\/2021\/09\/20\/\">September 20, 2021<\/a><\/div><\/div><h3 class=\"post-title\"><a href=\"https:\/\/vegamed.com.tr\/en\/what-is-explosion-protection-document-management\/\">What is the Explosion Protection Document Regulation?<\/a><\/h3><div class=\"post-content\">In accordance with the explosion protection document regulation, the precautions to be taken in order to protect from dangers against any risk occurrences that may occur in the workplace environment.<\/div><div class=\"post-more-button\"><a href=\"https:\/\/vegamed.com.tr\/en\/what-is-explosion-protection-document-management\/\"><span>More information<\/span><svg viewbox=\"0 0 13 20\"><polyline points=\"0.5 19.5 3 19.5 12.5 10 3 0.5\" \/><\/svg><\/a><\/div>    <\/div>\r\n<\/div>\r\n<div class=\"standard-blog-item-wrapper post post-282 type-post status-publish format-standard has-post-thumbnail hentry category-osgb tag-is-kazasi\">\r\n    <div class=\"blog-item\">\r\n        <div class=\"post-media-wrapper\"><a href=\"https:\/\/vegamed.com.tr\/en\/work-accident-what-is\/\"><picture><source media=\"(max-width: 575px)\" sizes=\"(max-width: 535px) 535px\" srcset=\"https:\/\/vegamed.com.tr\/wp-content\/uploads\/2021\/08\/Yeni-Proje-46-535x300.jpg 535w\"><source media=\"(max-width: 991px)\" sizes=\"(max-width: 951px) 951px\" srcset=\"https:\/\/vegamed.com.tr\/wp-content\/uploads\/2021\/08\/Yeni-Proje-46-806x438.jpg 951w\"><img decoding=\"async\" alt=\"New-Project-46\" title=\"New-Project-46\" src=\"https:\/\/vegamed.com.tr\/wp-content\/uploads\/2021\/08\/Yeni-Proje-46.jpg\" class=\"attachment-post-thumbnail size-post-thumbnail wp-post-image\" \/><\/picture><\/a><\/div><div class=\"post-labels\"><div class=\"post-categories\"><a class=\"post-category-item\" href=\"https:\/\/vegamed.com.tr\/en\/product-categories\/osgb\/\">OSGB<\/a><\/div><\/div><div class=\"post-meta-header\"><div class=\"post-meta-item post-meta-item-date\"><a href=\"https:\/\/vegamed.com.tr\/en\/2021\/08\/03\/\">August 3, 2021<\/a><\/div><\/div><h3 class=\"post-title\"><a href=\"https:\/\/vegamed.com.tr\/en\/work-accident-what-is\/\">What is Work Accident?<\/a><\/h3><div class=\"post-content\">A work accident is an event that occurs in one of the situations listed in the Law No. 5510 in the working life of the person and renders the insured physically or mentally disabled. K no. 5510<\/div><div class=\"post-more-button\"><a href=\"https:\/\/vegamed.com.tr\/en\/work-accident-what-is\/\"><span>More information<\/span><svg viewbox=\"0 0 13 20\"><polyline points=\"0.5 19.5 3 19.5 12.5 10 3 0.5\" \/><\/svg><\/a><\/div>    <\/div>\r\n<\/div>\r\n<div class=\"standard-blog-item-wrapper post post-292 type-post status-publish format-standard has-post-thumbnail hentry category-osgb tag-osgb\">\r\n    <div class=\"blog-item\">\r\n        <div class=\"post-media-wrapper\"><a href=\"https:\/\/vegamed.com.tr\/en\/osgb-what\/\"><picture><source media=\"(max-width: 575px)\" sizes=\"(max-width: 535px) 535px\" srcset=\"https:\/\/vegamed.com.tr\/wp-content\/uploads\/2021\/04\/osgb-nedir-535x300.jpg 535w\"><source media=\"(max-width: 991px)\" sizes=\"(max-width: 951px) 951px\" srcset=\"https:\/\/vegamed.com.tr\/wp-content\/uploads\/2021\/04\/osgb-nedir-951x438.jpg 951w\"><img decoding=\"async\" alt=\"osgb-what\" title=\"osgb-what\" src=\"https:\/\/vegamed.com.tr\/wp-content\/uploads\/2021\/04\/osgb-nedir-1000x471.jpg\" class=\"attachment-post-thumbnail size-post-thumbnail wp-post-image\" \/><\/picture><\/a><\/div><div class=\"post-labels\"><div class=\"post-categories\"><a class=\"post-category-item\" href=\"https:\/\/vegamed.com.tr\/en\/product-categories\/osgb\/\">OSGB<\/a><\/div><\/div><div class=\"post-meta-header\"><div class=\"post-meta-item post-meta-item-date\"><a href=\"https:\/\/vegamed.com.tr\/en\/2021\/04\/19\/\">April 19, 2021<\/a><\/div><\/div><h3 class=\"post-title\"><a href=\"https:\/\/vegamed.com.tr\/en\/osgb-what\/\">What is OSGB?<\/a><\/h3><div class=\"post-content\">What is OSGB, which expresses the units whose authorities are defined by the Ministry of Labor and Social Security? Within the framework of Occupational Health and Safety Services, <\/div><div class=\"post-more-button\"><a href=\"https:\/\/vegamed.com.tr\/en\/osgb-what\/\"><span>More information<\/span><svg viewbox=\"0 0 13 20\"><polyline points=\"0.5 19.5 3 19.5 12.5 10 3 0.5\" \/><\/svg><\/a><\/div>    <\/div>\r\n<\/div>            <\/div>\n\n                    <\/div>\n        \t\t<\/div>\n\t\t\t\t<\/div>\n\t\t\t\t\t\t<\/div>\n\t\t\t\t\t<\/div>\n\t\t<\/div>\n\t\t\t\t\t\t\t\t<\/div>\n\t\t\t\t\t<\/div>\n\t\t<\/section>\n\t\t\t\t\t\t\t\t\t<\/div>\n\t\t\t<\/div>\n\t\t\t\t\t<\/div>","protected":false},"excerpt":{"rendered":"","protected":false},"author":1,"featured_media":0,"parent":0,"menu_order":0,"comment_status":"closed","ping_status":"closed","template":"","meta":[],"yoast_head":"<!-- This site is optimized with the Yoast SEO Premium plugin v18.4 (Yoast SEO v18.6) - https:\/\/yoast.com\/wordpress\/plugins\/seo\/ -->\n<title>Blog \u0130\u00e7erikleri - Vegamed<\/title>\n<meta name=\"robots\" content=\"index, follow, max-snippet:-1, max-image-preview:large, max-video-preview:-1\" \/>\n<link rel=\"canonical\" href=\"https:\/\/vegamed.com.tr\/en\/blog\/\" \/>\n<meta property=\"og:locale\" content=\"en_GB\" \/>\n<meta property=\"og:type\" content=\"article\" \/>\n<meta property=\"og:title\" content=\"Blog \u0130\u00e7erikleri\" \/>\n<meta property=\"og:url\" content=\"https:\/\/vegamed.com.tr\/en\/blog\/\" \/>\n<meta property=\"og:site_name\" content=\"Vegamed\" \/>\n<meta property=\"article:modified_time\" content=\"2022-08-25T07:58:02+00:00\" \/>\n<meta name=\"twitter:card\" content=\"summary_large_image\" \/>\n<meta name=\"twitter:label1\" content=\"Tahmini okuma s\u00fcresi\" \/>\n\t<meta name=\"twitter:data1\" content=\"2 minutes\" \/>\n<script type=\"application\/ld+json\" class=\"yoast-schema-graph\">{\"@context\":\"https:\/\/schema.org\",\"@graph\":[{\"@type\":\"Organization\",\"@id\":\"https:\/\/vegamed.com.tr\/#organization\",\"name\":\"Vegamed \u0130\u015f Sa\u011fl\u0131\u011f\u0131 ve G\u00fcvenli\u011fi E\u011fitim Dan\u0131\u015fmanl\u0131k A.\u015e.\",\"url\":\"https:\/\/vegamed.com.tr\/\",\"sameAs\":[],\"logo\":{\"@type\":\"ImageObject\",\"@id\":\"https:\/\/vegamed.com.tr\/#logo\",\"inLanguage\":\"en-GB\",\"url\":\"https:\/\/vegamed.com.tr\/wp-content\/uploads\/2022\/08\/Adsiz-1-1.png\",\"contentUrl\":\"https:\/\/vegamed.com.tr\/wp-content\/uploads\/2022\/08\/Adsiz-1-1.png\",\"width\":76,\"height\":76,\"caption\":\"Vegamed \u0130\u015f Sa\u011fl\u0131\u011f\u0131 ve G\u00fcvenli\u011fi E\u011fitim Dan\u0131\u015fmanl\u0131k A.\u015e.\"},\"image\":{\"@id\":\"https:\/\/vegamed.com.tr\/#logo\"}},{\"@type\":\"WebSite\",\"@id\":\"https:\/\/vegamed.com.tr\/#website\",\"url\":\"https:\/\/vegamed.com.tr\/\",\"name\":\"Vegamed\",\"description\":\"\u0130\u015f Sa\u011fl\u0131\u011f\u0131 ve G&uuml;venli\u011fi Dan\u0131\u015fmanl\u0131k A.\u015e.\",\"publisher\":{\"@id\":\"https:\/\/vegamed.com.tr\/#organization\"},\"potentialAction\":[{\"@type\":\"SearchAction\",\"target\":{\"@type\":\"EntryPoint\",\"urlTemplate\":\"https:\/\/vegamed.com.tr\/?s={search_term_string}\"},\"query-input\":\"required name=search_term_string\"}],\"inLanguage\":\"en-GB\"},{\"@type\":\"WebPage\",\"@id\":\"https:\/\/vegamed.com.tr\/blog\/#webpage\",\"url\":\"https:\/\/vegamed.com.tr\/blog\/\",\"name\":\"Blog \u0130\u00e7erikleri - Vegamed\",\"isPartOf\":{\"@id\":\"https:\/\/vegamed.com.tr\/#website\"},\"datePublished\":\"2022-08-25T07:56:04+00:00\",\"dateModified\":\"2022-08-25T07:58:02+00:00\",\"breadcrumb\":{\"@id\":\"https:\/\/vegamed.com.tr\/blog\/#breadcrumb\"},\"inLanguage\":\"en-GB\",\"potentialAction\":[{\"@type\":\"ReadAction\",\"target\":[\"https:\/\/vegamed.com.tr\/blog\/\"]}]},{\"@type\":\"BreadcrumbList\",\"@id\":\"https:\/\/vegamed.com.tr\/blog\/#breadcrumb\",\"itemListElement\":[{\"@type\":\"ListItem\",\"position\":1,\"name\":\"Anasayfa\",\"item\":\"https:\/\/vegamed.com.tr\/\"},{\"@type\":\"ListItem\",\"position\":2,\"name\":\"Blog \u0130\u00e7erikleri\"}]}]}<\/script>\n<!-- \/ Yoast SEO Premium plugin. -->","yoast_head_json":{"title":"Blog \u0130\u00e7erikleri - Vegamed","robots":{"index":"index","follow":"follow","max-snippet":"max-snippet:-1","max-image-preview":"max-image-preview:large","max-video-preview":"max-video-preview:-1"},"canonical":"https:\/\/vegamed.com.tr\/en\/blog\/","og_locale":"en_GB","og_type":"article","og_title":"Blog \u0130\u00e7erikleri","og_url":"https:\/\/vegamed.com.tr\/en\/blog\/","og_site_name":"Vegamed","article_modified_time":"2022-08-25T07:58:02+00:00","twitter_card":"summary_large_image","twitter_misc":{"Tahmini okuma s\u00fcresi":"2 minutes"},"schema":{"@context":"https:\/\/schema.org","@graph":[{"@type":"Organization","@id":"https:\/\/vegamed.com.tr\/#organization","name":"Vegamed \u0130\u015f Sa\u011fl\u0131\u011f\u0131 ve G\u00fcvenli\u011fi E\u011fitim Dan\u0131\u015fmanl\u0131k A.\u015e.","url":"https:\/\/vegamed.com.tr\/","sameAs":[],"logo":{"@type":"ImageObject","@id":"https:\/\/vegamed.com.tr\/#logo","inLanguage":"en-GB","url":"https:\/\/vegamed.com.tr\/wp-content\/uploads\/2022\/08\/Adsiz-1-1.png","contentUrl":"https:\/\/vegamed.com.tr\/wp-content\/uploads\/2022\/08\/Adsiz-1-1.png","width":76,"height":76,"caption":"Vegamed \u0130\u015f Sa\u011fl\u0131\u011f\u0131 ve G\u00fcvenli\u011fi E\u011fitim Dan\u0131\u015fmanl\u0131k A.\u015e."},"image":{"@id":"https:\/\/vegamed.com.tr\/#logo"}},{"@type":"WebSite","@id":"https:\/\/vegamed.com.tr\/#website","url":"https:\/\/vegamed.com.tr\/","name":"Vegamed","description":"\u0130\u015f Sa\u011fl\u0131\u011f\u0131 ve G&uuml;venli\u011fi Dan\u0131\u015fmanl\u0131k A.\u015e.","publisher":{"@id":"https:\/\/vegamed.com.tr\/#organization"},"potentialAction":[{"@type":"SearchAction","target":{"@type":"EntryPoint","urlTemplate":"https:\/\/vegamed.com.tr\/?s={search_term_string}"},"query-input":"required name=search_term_string"}],"inLanguage":"en-GB"},{"@type":"WebPage","@id":"https:\/\/vegamed.com.tr\/blog\/#webpage","url":"https:\/\/vegamed.com.tr\/blog\/","name":"Blog \u0130\u00e7erikleri - Vegamed","isPartOf":{"@id":"https:\/\/vegamed.com.tr\/#website"},"datePublished":"2022-08-25T07:56:04+00:00","dateModified":"2022-08-25T07:58:02+00:00","breadcrumb":{"@id":"https:\/\/vegamed.com.tr\/blog\/#breadcrumb"},"inLanguage":"en-GB","potentialAction":[{"@type":"ReadAction","target":["https:\/\/vegamed.com.tr\/blog\/"]}]},{"@type":"BreadcrumbList","@id":"https:\/\/vegamed.com.tr\/blog\/#breadcrumb","itemListElement":[{"@type":"ListItem","position":1,"name":"Anasayfa","item":"https:\/\/vegamed.com.tr\/"},{"@type":"ListItem","position":2,"name":"Blog \u0130\u00e7erikleri"}]}]}},"_links":{"self":[{"href":"https:\/\/vegamed.com.tr\/en\/wp-json\/wp\/v2\/pages\/7708"}],"collection":[{"href":"https:\/\/vegamed.com.tr\/en\/wp-json\/wp\/v2\/pages"}],"about":[{"href":"https:\/\/vegamed.com.tr\/en\/wp-json\/wp\/v2\/types\/page"}],"author":[{"embeddable":true,"href":"https:\/\/vegamed.com.tr\/en\/wp-json\/wp\/v2\/users\/1"}],"replies":[{"embeddable":true,"href":"https:\/\/vegamed.com.tr\/en\/wp-json\/wp\/v2\/comments?post=7708"}],"version-history":[{"count":3,"href":"https:\/\/vegamed.com.tr\/en\/wp-json\/wp\/v2\/pages\/7708\/revisions"}],"predecessor-version":[{"id":7713,"href":"https:\/\/vegamed.com.tr\/en\/wp-json\/wp\/v2\/pages\/7708\/revisions\/7713"}],"wp:attachment":[{"href":"https:\/\/vegamed.com.tr\/en\/wp-json\/wp\/v2\/media?parent=7708"}],"curies":[{"name":"wp","href":"https:\/\/api.w.org\/{rel}","templated":true}]}}